{"id":2097,"date":"2019-09-15T15:07:16","date_gmt":"2019-09-15T14:07:16","guid":{"rendered":"http:\/\/www.welgelegen-heerenveen.nl\/wordpress\/?page_id=2097"},"modified":"2019-09-15T16:21:46","modified_gmt":"2019-09-15T15:21:46","slug":"maisbrood","status":"publish","type":"page","link":"https:\/\/welgelegen-heerenveen.nl\/wordpress\/maisbrood\/","title":{"rendered":"Ma\u00efsbrood"},"content":{"rendered":"\n<p>Welgelegen verkoopt een mix voor ma\u00efsbrood van <a rel=\"noreferrer noopener\" aria-label=\"Zeelandia (opens in a new tab)\" href=\"https:\/\/www.zeelandia.nl\/producten\/fiesta-panovite-mais\" target=\"_blank\">Zeelandia<\/a>. Dit is een meergranenbrood met o.a. mais en zonnebloempitten. <br><br><strong>Ingredi\u00ebnten:<\/strong>  Tarwebloem, ge\u00ebxtrudeerde ma\u00efsgries, zonnebloempitten, tarwegluten, ma\u00efsmeel, plantaardige olie (raapzaad, sesamzaad), gejodeerd zout (1,5 %), dextrose, emulgator E472e, specerijen, meelverbeteraar E300, E920, enzym<\/p>\n\n\n\n<p><strong>Recept:<\/strong><br>500 gram Fiesta Panovite Ma\u00efs<br>6 gram droge gist of 15 gram verse gist<br>270 ml lauw water<br>1 el olie (bij bakken in de broodbakmachine)<br><em>LET OP: geen zout meer toevoegen<\/em><br><br>Kneed alle ingredi\u00ebnten goed door tot een soepel, niet-plakkerig deeg. <br>Laat het deeg vervolgens op een warme plek ongeveer een uur rijzen.<br>Na deze eerste rijs het deeg opnieuw voor enkele minuten goed doorkneden. <br>Dan het deeg in een ingevette en met bloem bestoven broodvorm (22 cm) plaatsen. De vorm met deeg weer voor ongeveer een half uur op een warme plek zetten voor de 2e rijs. Dit kan ook in de oven op 30 graden.<br>Als het brood is gerezen, de oven voorverwarmen naar 230 graden. Het brood bakken voor circa 20 minuten. <br>Eventueel een bakje met heet water onder in de oven zetten. Het stoom zorgt voor een mooie korst. <br>Het brood laten afkoelen op een rooster buiten de oven.<br><br> Voor de broodbakmachine: Programma: normaal \/ witbrood<br><\/p>\n","protected":false},"excerpt":{"rendered":"<p>Welgelegen verkoopt een mix voor ma\u00efsbrood van Zeelandia. Dit is een meergranenbrood met o.a. mais en zonnebloempitten. Ingredi\u00ebnten: Tarwebloem, ge\u00ebxtrudeerde ma\u00efsgries, zonnebloempitten, tarwegluten, ma\u00efsmeel, plantaardige&#8230;<\/p>\n","protected":false},"author":7,"featured_media":0,"parent":0,"menu_order":0,"comment_status":"closed","ping_status":"closed","template":"","meta":{"footnotes":""},"class_list":["post-2097","page","type-page","status-publish","hentry"],"jetpack_sharing_enabled":true,"_links":{"self":[{"href":"https:\/\/welgelegen-heerenveen.nl\/wordpress\/wp-json\/wp\/v2\/pages\/2097","targetHints":{"allow":["GET"]}}],"collection":[{"href":"https:\/\/welgelegen-heerenveen.nl\/wordpress\/wp-json\/wp\/v2\/pages"}],"about":[{"href":"https:\/\/welgelegen-heerenveen.nl\/wordpress\/wp-json\/wp\/v2\/types\/page"}],"author":[{"embeddable":true,"href":"https:\/\/welgelegen-heerenveen.nl\/wordpress\/wp-json\/wp\/v2\/users\/7"}],"replies":[{"embeddable":true,"href":"https:\/\/welgelegen-heerenveen.nl\/wordpress\/wp-json\/wp\/v2\/comments?post=2097"}],"version-history":[{"count":0,"href":"https:\/\/welgelegen-heerenveen.nl\/wordpress\/wp-json\/wp\/v2\/pages\/2097\/revisions"}],"wp:attachment":[{"href":"https:\/\/welgelegen-heerenveen.nl\/wordpress\/wp-json\/wp\/v2\/media?parent=2097"}],"curies":[{"name":"wp","href":"https:\/\/api.w.org\/{rel}","templated":true}]}}